{"id":642,"date":"2017-08-23T15:16:40","date_gmt":"2017-08-23T15:16:40","guid":{"rendered":"http:\/\/tecnoecology.com\/about-us\/"},"modified":"2017-09-26T10:28:45","modified_gmt":"2017-09-26T10:28:45","slug":"unternehmen","status":"publish","type":"page","link":"https:\/\/tecnoecology.com\/de\/unternehmen\/","title":{"rendered":"Unternehmen"},"content":{"rendered":"<p>Tecnoecology Srl hat sich zu einem bedeutenden Unternehmen in den Bereichen Umweltschutz und Metallrecycling entwickelt. Es wurde im Jahr 1989 gegr\u00fcndet und hat sich dank der Intuition des Inhabers Grisi Severino und seines Mitarbeiterstabs auf Grund der Einfachheit und Leistungsf\u00e4higkeit seiner Produkte immer vom restlichen Markt abgehoben.<br \/>\nIn Zusammenarbeit mit dem Unternehmen Grimo Srl plant und entwickelt es Maschinen und Systeme zur R\u00fcckgewinnung von Kupfer und Aluminium, das in Stromkabeln unterschiedlicher Abmessungen enthalten ist.<br \/>\nDie Verwendung von ausgew\u00e4hlten Rohstoffen, Kompetenzen und F\u00e4higkeiten, innovativen Techniken und strengen Kontrollen w\u00e4hrend der Prozesse gew\u00e4hrleisten den nationalen und internationalen Kunden ein Produkt, das \u00fcberaus leistungsstark ist, den EU-Normen entspricht und die Anforderungen des Marktes zu 100% erf\u00fcllt.<br \/>\nDas Spitzenprodukt des Unternehmens, das seit Jahren einen Fixpunkt auf dem Markt darstellt, ist die Abisoliermaschine Maxi 100, die zur R\u00fcckgewinnung von dem in Stromkabeln enthaltenen Kupfer und Aluminium entwickelt wurde.<br \/>\nSie wurde im Lauf der Jahre weiterentwickelt und stellt nach wie vor ein unersetzbares Element in der Welt des Recyclings dar, ebenso wie die anderen Produkte von Tecnoecology aus dem Bereich der Metallr\u00fcckgewinnung<\/p>\n","protected":false},"excerpt":{"rendered":"<p>Tecnoecology Srl hat sich zu einem bedeutenden Unternehmen in den Bereichen Umweltschutz und Metallrecycling entwickelt. Es wurde im Jahr 1989&#8230;<\/p>\n","protected":false},"author":1,"featured_media":643,"parent":0,"menu_order":0,"comment_status":"closed","ping_status":"closed","template":"","meta":[],"_links":{"self":[{"href":"https:\/\/tecnoecology.com\/de\/wp-json\/wp\/v2\/pages\/642"}],"collection":[{"href":"https:\/\/tecnoecology.com\/de\/wp-json\/wp\/v2\/pages"}],"about":[{"href":"https:\/\/tecnoecology.com\/de\/wp-json\/wp\/v2\/types\/page"}],"author":[{"embeddable":true,"href":"https:\/\/tecnoecology.com\/de\/wp-json\/wp\/v2\/users\/1"}],"replies":[{"embeddable":true,"href":"https:\/\/tecnoecology.com\/de\/wp-json\/wp\/v2\/comments?post=642"}],"version-history":[{"count":1,"href":"https:\/\/tecnoecology.com\/de\/wp-json\/wp\/v2\/pages\/642\/revisions"}],"predecessor-version":[{"id":644,"href":"https:\/\/tecnoecology.com\/de\/wp-json\/wp\/v2\/pages\/642\/revisions\/644"}],"wp:featuredmedia":[{"embeddable":true,"href":"https:\/\/tecnoecology.com\/de\/wp-json\/wp\/v2\/media\/643"}],"wp:attachment":[{"href":"https:\/\/tecnoecology.com\/de\/wp-json\/wp\/v2\/media?parent=642"}],"curies":[{"name":"wp","href":"https:\/\/api.w.org\/{rel}","templated":true}]}}