{"id":648,"date":"2017-09-26T10:31:39","date_gmt":"2017-09-26T10:31:39","guid":{"rendered":"http:\/\/tecnoecology.com\/?page_id=648"},"modified":"2017-09-26T10:31:39","modified_gmt":"2017-09-26T10:31:39","slug":"qui-nous-sommes","status":"publish","type":"page","link":"https:\/\/tecnoecology.com\/fr\/qui-nous-sommes\/","title":{"rendered":"Qui nous sommes"},"content":{"rendered":"<p>Tecnoecology Srl est maintenant une entreprise pivot dans le domaine de l&rsquo;\u00e9cologie et du recyclage des m\u00e9taux : pr\u00e9sente depuis 1989, gr\u00e2ce aux diff\u00e9rentes intuitions de Severino Grisi et de son \u00e9quipe de collaborateurs, elle s&rsquo;est toujours diff\u00e9renti\u00e9e du reste du march\u00e9 par la simplicit\u00e9 et l\u2019efficacit\u00e9 de ses produits.<br \/>\nEn collaboration avec l&rsquo;entreprise Grimo Srl, elle con\u00e7oit et r\u00e9alise des machines et des syst\u00e8mes pour la r\u00e9cup\u00e9ration du cuivre et de l&rsquo;aluminium contenus dans les fils \u00e9lectriques de diverses dimensions.<br \/>\nL\u2019utilisation de mati\u00e8res primaires s\u00e9lectionn\u00e9es, la comp\u00e9tence et les capacit\u00e9s ainsi que les contr\u00f4les les plus rigoureux au cours du processus garantissent \u00e0 ses clients, nationaux et internationaux, un produit hautement efficace et en conformit\u00e9 totale avec la demande du march\u00e9, toujours dans le plus grand respect des normes CE.<br \/>\nLe produit de pointe de l&rsquo;entreprise, consolid\u00e9 sur le march\u00e9 depuis des ann\u00e9es, est le d\u00e9nudeur de fil Maxi 100 destin\u00e9 \u00e0 la r\u00e9cup\u00e9ration du cuivre et de l&rsquo;aluminium contenus dans les fils \u00e9lectriques.<br \/>\n\u00c9voluant avec son temps, non seulement Tecnoecology est un rouage irrempla\u00e7able du monde du recyclage, mais offre \u00e9galement de nombreux produits r\u00e9pondant \u00e0 la plupart des exigences du secteur de la r\u00e9cup\u00e9ration des m\u00e9taux.<\/p>\n","protected":false},"excerpt":{"rendered":"<p>Tecnoecology Srl est maintenant une entreprise pivot dans le domaine de l&rsquo;\u00e9cologie et du recyclage des m\u00e9taux : pr\u00e9sente depuis&#8230;<\/p>\n","protected":false},"author":1,"featured_media":650,"parent":0,"menu_order":0,"comment_status":"closed","ping_status":"closed","template":"","meta":[],"_links":{"self":[{"href":"https:\/\/tecnoecology.com\/fr\/wp-json\/wp\/v2\/pages\/648"}],"collection":[{"href":"https:\/\/tecnoecology.com\/fr\/wp-json\/wp\/v2\/pages"}],"about":[{"href":"https:\/\/tecnoecology.com\/fr\/wp-json\/wp\/v2\/types\/page"}],"author":[{"embeddable":true,"href":"https:\/\/tecnoecology.com\/fr\/wp-json\/wp\/v2\/users\/1"}],"replies":[{"embeddable":true,"href":"https:\/\/tecnoecology.com\/fr\/wp-json\/wp\/v2\/comments?post=648"}],"version-history":[{"count":1,"href":"https:\/\/tecnoecology.com\/fr\/wp-json\/wp\/v2\/pages\/648\/revisions"}],"predecessor-version":[{"id":649,"href":"https:\/\/tecnoecology.com\/fr\/wp-json\/wp\/v2\/pages\/648\/revisions\/649"}],"wp:featuredmedia":[{"embeddable":true,"href":"https:\/\/tecnoecology.com\/fr\/wp-json\/wp\/v2\/media\/650"}],"wp:attachment":[{"href":"https:\/\/tecnoecology.com\/fr\/wp-json\/wp\/v2\/media?parent=648"}],"curies":[{"name":"wp","href":"https:\/\/api.w.org\/{rel}","templated":true}]}}